{"id":8,"date":"2018-05-04T10:05:09","date_gmt":"2018-05-04T13:05:09","guid":{"rendered":"http:\/\/construcao.faepe.org.br\/?page_id=8"},"modified":"2018-05-04T10:05:09","modified_gmt":"2018-05-04T13:05:09","slug":"acao-social","status":"publish","type":"page","link":"http:\/\/site.faepe.org.br\/?page_id=8","title":{"rendered":"A\u00e7\u00e3o Social"},"content":{"rendered":"<p>A Funda\u00e7\u00e3o participa em diversos programas sociais voltados ao p\u00fablico universit\u00e1rio e \u00e0 sociedade lavrense, como:<\/p>\n<ul>\n<li>Projeto <u>Vida Nova<\/u>, onde crian\u00e7as, jovens e adultos participam de atividades culturais, esportivas e oficinas profissionalizantes;<\/li>\n<li>Projeto <u>Pr\u00e9-Uni<\/u>, pr\u00e9-vestibular voltado a jovens carentes; aproximando ainda mais a sociedade com o universo acad\u00eamico;<\/li>\n<li>Concess\u00e3o de est\u00e1gio para experi\u00eancia profissional;<\/li>\n<li>Diversos apoios \u00e0 Pr\u00f3-Reitoria de Extens\u00e3o e a iniciativas estudantis na UFLA;<\/li>\n<li>e outras atividades como Espa\u00e7o Cidad\u00e3o, Casa do Vov\u00f4 e Asilo de Lavras.<\/li>\n<\/ul>\n","protected":false},"excerpt":{"rendered":"<p>A Funda\u00e7\u00e3o participa em diversos programas sociais voltados ao p\u00fablico universit\u00e1rio e \u00e0 sociedade lavrense, como: Projeto Vida Nova, onde&nbsp; <a href=\"http:\/\/site.faepe.org.br\/?page_id=8\">&hellip; Leia Mais <i class=\"fa fa-arrow-right\"><\/i><\/a><\/p>\n","protected":false},"author":2,"featured_media":0,"parent":0,"menu_order":0,"comment_status":"closed","ping_status":"closed","template":"","meta":[],"_links":{"self":[{"href":"http:\/\/site.faepe.org.br\/index.php?rest_route=\/wp\/v2\/pages\/8"}],"collection":[{"href":"http:\/\/site.faepe.org.br\/index.php?rest_route=\/wp\/v2\/pages"}],"about":[{"href":"http:\/\/site.faepe.org.br\/index.php?rest_route=\/wp\/v2\/types\/page"}],"author":[{"embeddable":true,"href":"http:\/\/site.faepe.org.br\/index.php?rest_route=\/wp\/v2\/users\/2"}],"replies":[{"embeddable":true,"href":"http:\/\/site.faepe.org.br\/index.php?rest_route=%2Fwp%2Fv2%2Fcomments&post=8"}],"version-history":[{"count":1,"href":"http:\/\/site.faepe.org.br\/index.php?rest_route=\/wp\/v2\/pages\/8\/revisions"}],"predecessor-version":[{"id":9,"href":"http:\/\/site.faepe.org.br\/index.php?rest_route=\/wp\/v2\/pages\/8\/revisions\/9"}],"wp:attachment":[{"href":"http:\/\/site.faepe.org.br\/index.php?rest_route=%2Fwp%2Fv2%2Fmedia&parent=8"}],"curies":[{"name":"wp","href":"https:\/\/api.w.org\/{rel}","templated":true}]}}