{"id":41,"date":"2018-05-04T10:20:52","date_gmt":"2018-05-04T13:20:52","guid":{"rendered":"http:\/\/construcao.faepe.org.br\/?page_id=41"},"modified":"2025-02-04T13:56:06","modified_gmt":"2025-02-04T16:56:06","slug":"relatorio-de-atividades","status":"publish","type":"page","link":"http:\/\/site.faepe.org.br\/?page_id=41","title":{"rendered":"Relat\u00f3rio de Atividades"},"content":{"rendered":"<ul>\n<li><a href=\"http:\/\/www.faepe.org.br\/wp-content\/uploads\/2025\/02\/Relatorio-de-Gestao-FAEPE-2023_compressed.pdf\">Relat\u00f3rio de Atividades 2023<\/a><\/li>\n<li><a href=\"http:\/\/www.faepe.org.br\/wp-content\/uploads\/2025\/02\/Relatorio-de-Gestao-2022-faepe.pdf\">Relat\u00f3rio de Atividades 2022<\/a><\/li>\n<li><a href=\"http:\/\/www.faepe.org.br\/wp-content\/uploads\/2025\/02\/Relatorio-de-Gestao-2021-faepe.pdf\">Relat\u00f3rio de Atividades 2021<\/a><\/li>\n<li><a href=\"http:\/\/www.faepe.org.br\/wp-content\/uploads\/2022\/02\/Relatorio-FAEPE-2020-1.pdf\">Relat\u00f3rio de Atividades 2020<\/a><\/li>\n<li><a href=\"http:\/\/www.faepe.org.br\/wp-content\/uploads\/2020\/12\/Relatorio-FAEPE-2-1-1-1_compressed.pdf\" target=\"_blank\" rel=\"noopener noreferrer\">Relat\u00f3rio de Atividades 2019<\/a><\/li>\n<li><a href=\"http:\/\/www.faepe.org.br\/wp-content\/uploads\/2019\/08\/relatorio-2018_FAEPE_FINAL.pdf\" target=\"_blank\" rel=\"noopener noreferrer\">Relat\u00f3rio de Atividades 2018<\/a><\/li>\n<li><a href=\"http:\/\/www.faepe.org.br\/wp-content\/uploads\/2018\/10\/Relatorio_FAEPE_2017_alta_qualidade_10-10-2018_correcao.pdf\" target=\"_blank\" rel=\"noopener noreferrer\">Relat\u00f3rio de Atividades 2017<\/a><\/li>\n<li><a href=\"http:\/\/www.faepe.org.br\/wp-content\/uploads\/2018\/06\/FaepeRelatorio2016.pdf\" target=\"_blank\" rel=\"noopener noreferrer\">Relat\u00f3rio de Atividades 2016<\/a><\/li>\n<li><a href=\"http:\/\/www.faepe.org.br\/wp-content\/uploads\/2018\/05\/Relatorio_de_Atividades_Faepe_2015_2.pdf\" target=\"_blank\" rel=\"noopener noreferrer\">Relat\u00f3rio de Atividades 2015<\/a><\/li>\n<li><a href=\"http:\/\/www.faepe.org.br\/wp-content\/uploads\/2018\/06\/Relatorio_de_Atividades_Faepe_2014.pdf\" target=\"_blank\" rel=\"noopener noreferrer\">Relat\u00f3rio de Atividades 2014<\/a><\/li>\n<li><a href=\"http:\/\/www.faepe.org.br\/wp-content\/uploads\/2018\/06\/Relat\u00f3rio-de-Atividades-FAEPE-2013-1.pdf\" target=\"_blank\" rel=\"noopener noreferrer\">Relat\u00f3rio de Atividades 2013<\/a><\/li>\n<li><a href=\"http:\/\/www.faepe.org.br\/wp-content\/uploads\/2018\/06\/Relatorio_de_Atividades_Faepe_2012.pdf\" target=\"_blank\" rel=\"noopener noreferrer\">Relat\u00f3rio de Atividades 2012<\/a><\/li>\n<li><a href=\"http:\/\/www.faepe.org.br\/wp-content\/uploads\/2018\/06\/relatorio_atividades_2011.pdf\" target=\"_blank\" rel=\"noopener noreferrer\">Relat\u00f3rio de Atividades 2011<\/a><\/li>\n<\/ul>\n\n\n<div class=\"wp-block-group is-layout-constrained\"><div class=\"wp-block-group__inner-container\"><\/div><\/div>\n\n\n\n<p><\/p>\n\n\n\n<p><\/p>\n","protected":false},"excerpt":{"rendered":"<p>Relat\u00f3rio de Atividades 2023 Relat\u00f3rio de Atividades 2022 Relat\u00f3rio de Atividades 2021 Relat\u00f3rio de Atividades 2020 Relat\u00f3rio de Atividades 2019&nbsp; <a href=\"http:\/\/site.faepe.org.br\/?page_id=41\">&hellip; Leia Mais <i class=\"fa fa-arrow-right\"><\/i><\/a><\/p>\n","protected":false},"author":2,"featured_media":0,"parent":0,"menu_order":0,"comment_status":"closed","ping_status":"closed","template":"","meta":[],"_links":{"self":[{"href":"http:\/\/site.faepe.org.br\/index.php?rest_route=\/wp\/v2\/pages\/41"}],"collection":[{"href":"http:\/\/site.faepe.org.br\/index.php?rest_route=\/wp\/v2\/pages"}],"about":[{"href":"http:\/\/site.faepe.org.br\/index.php?rest_route=\/wp\/v2\/types\/page"}],"author":[{"embeddable":true,"href":"http:\/\/site.faepe.org.br\/index.php?rest_route=\/wp\/v2\/users\/2"}],"replies":[{"embeddable":true,"href":"http:\/\/site.faepe.org.br\/index.php?rest_route=%2Fwp%2Fv2%2Fcomments&post=41"}],"version-history":[{"count":18,"href":"http:\/\/site.faepe.org.br\/index.php?rest_route=\/wp\/v2\/pages\/41\/revisions"}],"predecessor-version":[{"id":1409,"href":"http:\/\/site.faepe.org.br\/index.php?rest_route=\/wp\/v2\/pages\/41\/revisions\/1409"}],"wp:attachment":[{"href":"http:\/\/site.faepe.org.br\/index.php?rest_route=%2Fwp%2Fv2%2Fmedia&parent=41"}],"curies":[{"name":"wp","href":"https:\/\/api.w.org\/{rel}","templated":true}]}}