{"id":39,"date":"2018-05-04T10:17:59","date_gmt":"2018-05-04T13:17:59","guid":{"rendered":"http:\/\/construcao.faepe.org.br\/?page_id=39"},"modified":"2018-05-04T10:17:59","modified_gmt":"2018-05-04T13:17:59","slug":"regulamentos","status":"publish","type":"page","link":"http:\/\/site.faepe.org.br\/?page_id=39","title":{"rendered":"Regulamentos"},"content":{"rendered":"<p align=\"left\"><a href=\"http:\/\/www.faepe.org.br\/2006\/setores\/juridico\/bolsa_estagio.pdf\" target=\"_blank\" rel=\"noopener\">Regulamento do Programa de Bolsas para Estagi\u00e1rios<\/a> (PDF)<\/p>\n<p align=\"left\"><a href=\"http:\/\/www.faepe.org.br\/2006\/setores\/juridico\/bolsa_professore.pdf\" target=\"_blank\" rel=\"noopener\">Regulamento &#8211; Programa de Bolsas para Servidores de Institui\u00e7\u00f5es Federais de Ensino Superior ou de Pesquisa Cient\u00edfica e Tecnol\u00f3gica<\/a> (PDF)<\/p>\n","protected":false},"excerpt":{"rendered":"<p>Regulamento do Programa de Bolsas para Estagi\u00e1rios (PDF) Regulamento &#8211; Programa de Bolsas para Servidores de Institui\u00e7\u00f5es Federais de Ensino&nbsp; <a href=\"http:\/\/site.faepe.org.br\/?page_id=39\">&hellip; Leia Mais <i class=\"fa fa-arrow-right\"><\/i><\/a><\/p>\n","protected":false},"author":2,"featured_media":0,"parent":0,"menu_order":0,"comment_status":"closed","ping_status":"closed","template":"","meta":[],"_links":{"self":[{"href":"http:\/\/site.faepe.org.br\/index.php?rest_route=\/wp\/v2\/pages\/39"}],"collection":[{"href":"http:\/\/site.faepe.org.br\/index.php?rest_route=\/wp\/v2\/pages"}],"about":[{"href":"http:\/\/site.faepe.org.br\/index.php?rest_route=\/wp\/v2\/types\/page"}],"author":[{"embeddable":true,"href":"http:\/\/site.faepe.org.br\/index.php?rest_route=\/wp\/v2\/users\/2"}],"replies":[{"embeddable":true,"href":"http:\/\/site.faepe.org.br\/index.php?rest_route=%2Fwp%2Fv2%2Fcomments&post=39"}],"version-history":[{"count":1,"href":"http:\/\/site.faepe.org.br\/index.php?rest_route=\/wp\/v2\/pages\/39\/revisions"}],"predecessor-version":[{"id":40,"href":"http:\/\/site.faepe.org.br\/index.php?rest_route=\/wp\/v2\/pages\/39\/revisions\/40"}],"wp:attachment":[{"href":"http:\/\/site.faepe.org.br\/index.php?rest_route=%2Fwp%2Fv2%2Fmedia&parent=39"}],"curies":[{"name":"wp","href":"https:\/\/api.w.org\/{rel}","templated":true}]}}