{"id":37,"date":"2018-05-04T10:17:45","date_gmt":"2018-05-04T13:17:45","guid":{"rendered":"http:\/\/construcao.faepe.org.br\/?page_id=37"},"modified":"2019-05-06T11:20:22","modified_gmt":"2019-05-06T14:20:22","slug":"portal-da-transparencia","status":"publish","type":"page","link":"http:\/\/site.faepe.org.br\/?page_id=37","title":{"rendered":"Portal da Transpar\u00eancia"},"content":{"rendered":"<div class=\"card\">\n<div class=\"card-header\">BALAN\u00c7O PATRIMONIAL<\/div>\n<div class=\"card-body\">\n<h6>Especifica\u00e7\u00f5es<\/h6>\n<p class=\"card-text\"><span id=\"ctl00_ContentPlaceHolder1_lblBoasVindasTransparencia\"><span style=\"font-family: 'Montserrat', sans-serif; font-size: 0.9rem;\">Balan\u00e7o Patrimonial \u00e9 a demonstra\u00e7\u00e3o cont\u00e1bil destinada a evidenciar, qualitativa e quantitativamente, numa determinada data, a posi\u00e7\u00e3o patrimonial e financeira da Entidade.<\/span><\/span><\/p>\n<p><a class=\"btn btn-primary\" href=\"http:\/\/www.faepe.org.br\/?page_id=270\">Acesse Aqui<\/a><\/p>\n<\/div>\n<div class=\"card\">\n<div class=\"card-header\">AUDITORIAS<\/div>\n<div class=\"card-body\">\n<h6>Especifica\u00e7\u00f5es<\/h6>\n<p class=\"card-text\"><span id=\"ctl00_ContentPlaceHolder1_lblBoasVindasTransparencia\"><span style=\"font-family: 'Montserrat', sans-serif; font-size: 0.9rem;\">Auditoria \u00e9 um exame cuidadoso e sistem\u00e1tico das atividades desenvolvidas em determinada empresa, cujo objetivo \u00e9 averiguar se elas est\u00e3o de acordo com as planejadas e\/ou estabelecidas previamente, se foram implementadas com efic\u00e1cia e adequadas (em conformidade) \u00e0 consecu\u00e7\u00e3o dos objetivos.<\/span><\/span><\/p>\n<p><a class=\"btn btn-primary\" href=\"http:\/\/www.faepe.org.br\/?page_id=294\">Acesse Aqui<\/a><\/p>\n<\/div>\n<div class=\"card\">\n<div class=\"card-header\">EXTRATO \u2013 PROCESSOS DE COMPRA<\/div>\n<div class=\"card-body\">\n<h6>Especifica\u00e7\u00f5es<\/h6>\n<p class=\"card-text\"><span id=\"ctl00_ContentPlaceHolder1_lblBoasVindasTransparencia\"><span style=\"font-family: 'Montserrat', sans-serif; font-size: 0.9rem;\">A Funda\u00e7\u00e3o de Apoio ao Ensino Pesquisa e Extens\u00e3o &#8211; FAEPE, visando a transpar\u00eancia, torna p\u00fablico os Extratos referente aos processo de compras.<\/span><\/span><\/p>\n<p><a class=\"btn btn-primary\" href=\"http:\/\/www.faepe.org.br\/?page_id=27\">Acesse Aqui<\/a><\/p>\n<\/div>\n<div class=\"card\">\n<div class=\"card-header\">PAGAMENTOS DE SERVIDOR P\u00daBLICO FEDERAL NA UFLA<\/div>\n<div class=\"card-body\">\n<h6>Especifica\u00e7\u00f5es<\/h6>\n<p class=\"card-text\"><span id=\"ctl00_ContentPlaceHolder1_lblBoasVindasTransparencia\"><span style=\"font-family: 'Montserrat', sans-serif; font-size: 0.9rem;\">A Funda\u00e7\u00e3o de Apoio ao Ensino Pesquisa e Extens\u00e3o &#8211; FAEPE, visando a transpar\u00eancia, torna p\u00fablico os Extratos referente aos processo de compras.<\/span><\/span><\/p>\n<p><a class=\"btn btn-primary\" href=\"http:\/\/www.faepe.org.br\/?page_id=408\">Acesse Aqui<\/a><\/p>\n<\/div>\n<div class=\"card\">\n<div class=\"card-header\">PORTAL DA TRANSPAR\u00caNCIA CONVENIAR<\/div>\n<div class=\"card-body\">\n<h6>Especifica\u00e7\u00f5es<\/h6>\n<p class=\"card-text\"><span id=\"ctl00_ContentPlaceHolder1_lblBoasVindasTransparencia\"><span style=\"font-family: 'Montserrat', sans-serif; font-size: 0.9rem;\">O Portal da Transpar\u00eancia Conveniar, garante a transpar\u00eancia dos projetos geridos. \u00c0 medida que a gest\u00e3o \u00e9 realizada dentro da funda\u00e7\u00e3o, automaticamente os dados s\u00e3o enviados para o portal. O portal segue a Lei 12.527\/11 (Lei de Acesso \u00e0 Informa\u00e7\u00e3o LAI) e a Lei 8.958\/94. <\/span><\/span><\/p>\n<h6>Projetos<\/h6>\n<p class=\"card-text\"><span id=\"ctl00_ContentPlaceHolder1_lblBoasVindasTransparencia\"><span style=\"font-family: 'Montserrat', sans-serif; font-size: 0.9rem;\">Tornar a gest\u00e3o transparente \u00e9 um dos pontos principais da FUNDECC, na Aba projetos est\u00e3o contido todas as informa\u00e7\u00f5es pertinentes aos projetos vigentes e encerrados. <\/span><\/span><\/p>\n<p><img decoding=\"async\" class=\"alignnone size-medium wp-image-3192\" src=\"http:\/\/www.faepe.org.br\/wp-content\/uploads\/2018\/10\/transparencia-1-470x177.png\"><\/p>\n<h6>Servidores\/Agentes p\u00fablicos<\/h6>\n<p class=\"card-text\"><span id=\"ctl00_ContentPlaceHolder1_lblBoasVindasTransparencia\"><span style=\"font-family: 'Montserrat', sans-serif; font-size: 0.9rem;\">Esclarecemos que s\u00e3o apresentados pagamentos realizados a servidores p\u00fablicos da UFLA e que tenham envolvimento em projetos com gest\u00e3o financeira e administrativa da Funda\u00e7\u00e3o. Estes pagamentos s\u00e3o referentes a di\u00e1rias (Projetos FAPEMIG), reembolsos de despesas de viagem (projetos executados pela UFLA) e pagamentos de bolsas de pesquisa e remunera\u00e7\u00f5es (pagamento de RPA) referente a coordena\u00e7\u00e3o destes projetos.<\/span><\/span><\/p>\n<p><img decoding=\"async\" class=\"alignnone size-medium wp-image-3192\" src=\"http:\/\/www.faepe.org.br\/wp-content\/uploads\/2018\/10\/transparencia-2-470x172.png\"><\/p>\n<h6>Pessoas F\u00edsicas<\/h6>\n<p class=\"card-text\"><span id=\"ctl00_ContentPlaceHolder1_lblBoasVindasTransparencia\"><span style=\"font-family: 'Montserrat', sans-serif; font-size: 0.9rem;\">Esclarecemos que s\u00e3o apresentados pagamentos realizados a todos os envolvidos nos projetos, sejam eles servidores p\u00fablicos da UFLA ou n\u00e3o. Estes pagamentos s\u00e3o referentes a di\u00e1rias (Projetos FAPEMIG), reembolsos de despesas de viagem (projetos executados pela UFLA) e pagamentos de bolsas de pesquisa e remunera\u00e7\u00f5es (pagamento de RPA) destes projetos.<\/span><\/span><\/p>\n<p><img decoding=\"async\" class=\"alignnone size-medium wp-image-3192\" src=\"http:\/\/www.faepe.org.br\/wp-content\/uploads\/2018\/10\/transparencia-3-470x168.png\"><\/p>\n<h6>Processos de Compra<\/h6>\n<p class=\"card-text\"><span id=\"ctl00_ContentPlaceHolder1_lblBoasVindasTransparencia\"><span style=\"font-family: 'Montserrat', sans-serif; font-size: 0.9rem;\">Essas informa\u00e7\u00f5es se referem a todas as compras que foram necess\u00e1rias para a execu\u00e7\u00e3o e desenvolvimento dos projetos contendo os processos de compra em andamento e finalizados.<\/span><\/span><\/p>\n<p><img decoding=\"async\" class=\"alignnone size-medium wp-image-3192\" src=\"http:\/\/www.faepe.org.br\/wp-content\/uploads\/2018\/10\/transparencia-4-470x165.png\"><\/p>\n<h6>Presta\u00e7\u00e3o de Contas da Funda\u00e7\u00e3o<\/h6>\n<p class=\"card-text\"><span id=\"ctl00_ContentPlaceHolder1_lblBoasVindasTransparencia\"><span style=\"font-family: 'Montserrat', sans-serif; font-size: 0.9rem;\">Na Aba Presta\u00e7\u00e3o de Contas est\u00e3o contidos os Relat\u00f3rios de Atividades da FUNDECC, eles trazem um relato detalhado da gest\u00e3o de projetos e conv\u00eanios.<\/span><\/span><\/p>\n<p><img decoding=\"async\" class=\"alignnone size-medium wp-image-3192\" src=\"http:\/\/www.faepe.org.br\/wp-content\/uploads\/2018\/10\/transparencia-5-470x153.png\"><\/p>\n<h6>Normas e Legisla\u00e7\u00e3o<\/h6>\n<p class=\"card-text\"><span id=\"ctl00_ContentPlaceHolder1_lblBoasVindasTransparencia\"><span style=\"font-family: 'Montserrat', sans-serif; font-size: 0.9rem;\">Em Normas e Legisla\u00e7\u00e3o, est\u00e3o as portarias e as legisla\u00e7\u00f5es que regularizam as atividades da Funda\u00e7\u00e3o.<\/span><\/span><\/p>\n<p><img decoding=\"async\" class=\"alignnone size-medium wp-image-3192\" src=\"http:\/\/www.faepe.org.br\/wp-content\/uploads\/2018\/10\/transparencia-6-470x162.png\"><\/p>\n<p><a class=\"btn btn-primary\" href=\"http:\/\/conveniar.fundecc.org.br\/portaltransparencia\/\">Acesse Aqui<\/a><\/p>\n<\/div>\n<\/div>\n<\/div>\n<\/div>\n<\/div>\n<\/div>\n","protected":false},"excerpt":{"rendered":"<p>BALAN\u00c7O PATRIMONIAL Especifica\u00e7\u00f5es Balan\u00e7o Patrimonial \u00e9 a demonstra\u00e7\u00e3o cont\u00e1bil destinada a evidenciar, qualitativa e quantitativamente, numa determinada data, a posi\u00e7\u00e3o&nbsp; <a href=\"http:\/\/site.faepe.org.br\/?page_id=37\">&hellip; Leia Mais <i class=\"fa fa-arrow-right\"><\/i><\/a><\/p>\n","protected":false},"author":2,"featured_media":0,"parent":0,"menu_order":0,"comment_status":"closed","ping_status":"closed","template":"","meta":[],"_links":{"self":[{"href":"http:\/\/site.faepe.org.br\/index.php?rest_route=\/wp\/v2\/pages\/37"}],"collection":[{"href":"http:\/\/site.faepe.org.br\/index.php?rest_route=\/wp\/v2\/pages"}],"about":[{"href":"http:\/\/site.faepe.org.br\/index.php?rest_route=\/wp\/v2\/types\/page"}],"author":[{"embeddable":true,"href":"http:\/\/site.faepe.org.br\/index.php?rest_route=\/wp\/v2\/users\/2"}],"replies":[{"embeddable":true,"href":"http:\/\/site.faepe.org.br\/index.php?rest_route=%2Fwp%2Fv2%2Fcomments&post=37"}],"version-history":[{"count":10,"href":"http:\/\/site.faepe.org.br\/index.php?rest_route=\/wp\/v2\/pages\/37\/revisions"}],"predecessor-version":[{"id":410,"href":"http:\/\/site.faepe.org.br\/index.php?rest_route=\/wp\/v2\/pages\/37\/revisions\/410"}],"wp:attachment":[{"href":"http:\/\/site.faepe.org.br\/index.php?rest_route=%2Fwp%2Fv2%2Fmedia&parent=37"}],"curies":[{"name":"wp","href":"https:\/\/api.w.org\/{rel}","templated":true}]}}