{"id":33,"date":"2018-05-04T10:13:00","date_gmt":"2018-05-04T13:13:00","guid":{"rendered":"http:\/\/construcao.faepe.org.br\/?page_id=33"},"modified":"2022-11-17T16:25:55","modified_gmt":"2022-11-17T19:25:55","slug":"lista-telefonica","status":"publish","type":"page","link":"http:\/\/site.faepe.org.br\/?page_id=33","title":{"rendered":"Lista Telef\u00f4nica"},"content":{"rendered":"<table class=\"table\">\n<thead class=\"thead\">\n<tr>\n<th>Nome<!--\n\n<th--><\/th>\n<th class=\"icon-dowm\">Telefone<\/th>\n<\/tr>\n<\/thead>\n<tbody>\n<tr>\n<td>Eug\u00eanio de Souza (R\u00e1dio 105,7FM)<\/td>\n<td class=\"icon-dowm\">(35) 3829-1155<\/td>\n<\/tr>\n<tr>\n<td>Edwar Cortez (R\u00e1dio 105,7FM)<\/td>\n<td class=\"icon-dowm\">(35) 3829-1155<\/td>\n<\/tr>\n<tr>\n<td>Bruno Henrique Ara\u00fajo (R\u00e1dio 105,7 FM)<\/td>\n<td class=\"icon-dowm\">(35) 3829-1155<\/td>\n<\/tr>\n<\/tbody>\n<\/table>\n","protected":false},"excerpt":{"rendered":"<p>Nome Telefone Eug\u00eanio de Souza (R\u00e1dio 105,7FM) (35) 3829-1155 Edwar Cortez (R\u00e1dio 105,7FM) (35) 3829-1155 Bruno Henrique Ara\u00fajo (R\u00e1dio 105,7&nbsp; <a href=\"http:\/\/site.faepe.org.br\/?page_id=33\">&hellip; Leia Mais <i class=\"fa fa-arrow-right\"><\/i><\/a><\/p>\n","protected":false},"author":2,"featured_media":0,"parent":0,"menu_order":0,"comment_status":"closed","ping_status":"closed","template":"","meta":[],"_links":{"self":[{"href":"http:\/\/site.faepe.org.br\/index.php?rest_route=\/wp\/v2\/pages\/33"}],"collection":[{"href":"http:\/\/site.faepe.org.br\/index.php?rest_route=\/wp\/v2\/pages"}],"about":[{"href":"http:\/\/site.faepe.org.br\/index.php?rest_route=\/wp\/v2\/types\/page"}],"author":[{"embeddable":true,"href":"http:\/\/site.faepe.org.br\/index.php?rest_route=\/wp\/v2\/users\/2"}],"replies":[{"embeddable":true,"href":"http:\/\/site.faepe.org.br\/index.php?rest_route=%2Fwp%2Fv2%2Fcomments&post=33"}],"version-history":[{"count":3,"href":"http:\/\/site.faepe.org.br\/index.php?rest_route=\/wp\/v2\/pages\/33\/revisions"}],"predecessor-version":[{"id":893,"href":"http:\/\/site.faepe.org.br\/index.php?rest_route=\/wp\/v2\/pages\/33\/revisions\/893"}],"wp:attachment":[{"href":"http:\/\/site.faepe.org.br\/index.php?rest_route=%2Fwp%2Fv2%2Fmedia&parent=33"}],"curies":[{"name":"wp","href":"https:\/\/api.w.org\/{rel}","templated":true}]}}