{"id":31,"date":"2018-05-04T10:12:43","date_gmt":"2018-05-04T13:12:43","guid":{"rendered":"http:\/\/construcao.faepe.org.br\/?page_id=31"},"modified":"2021-03-02T14:10:00","modified_gmt":"2021-03-02T17:10:00","slug":"legislacao","status":"publish","type":"page","link":"http:\/\/site.faepe.org.br\/?page_id=31","title":{"rendered":"Legisla\u00e7\u00e3o"},"content":{"rendered":"<p align=\"left\"><strong>Portaria<\/strong> \u00e9 um ato administrativo, que cont\u00e9m ordens\/instru\u00e7\u00f5es, referindo-se a dispositivos legais, recomendando em car\u00e1ter geral ou especificamente sobre determinado assunto, sempre orientando, esclarecendo ou informando sobre atos e eventos tais como nomea\u00e7\u00f5es, demiss\u00f5es, exonera\u00e7\u00f5es, medidas de ordens disciplinares, pedido de f\u00e9rias, licen\u00e7as ou outra(s) determina\u00e7\u00e3o(\u00e7\u00f5es) de sua compet\u00eancia.<\/p>\n<p align=\"left\"><a id=\"tmpbutton\" role=\"link\" href=\"http:\/\/www.faepe.org.br\/?page_id=268\" target=\"_blank\" rel=\"noopener noreferrer\"><button class=\"btn btn-danger\">Portarias<\/button><\/a><\/p>\n<p align=\"left\"><strong>Resolu\u00e7\u00e3o.<\/strong> As resolu\u00e7\u00f5es s\u00e3o atos administrativos normativos que partem de autoridades superiores, mas n\u00e3o do chefe do executivo, atrav\u00e9s das quais disciplinam mat\u00e9ria da sua compet\u00eancia espec\u00edfica. As resolu\u00e7\u00f5es n\u00e3o podem contrariar os regulamentos e os regimentos, mas explic\u00e1-los.<\/p>\n<p align=\"left\"><a id=\"tmpbutton\" role=\"link\" href=\"http:\/\/www.faepe.org.br\/?cat=6\" target=\"_blank\" rel=\"noopener noreferrer\"><button class=\"btn btn-danger\">Resolu\u00e7\u00f5es<\/button><\/a><\/p>\n<p align=\"left\"><strong>Leis:<\/strong><\/p>\n<ul>\n<li style=\"list-style-type: none;\">\n<ul>\n<li><a href=\"https:\/\/presrepublica.jusbrasil.com.br\/legislacao\/591231994\/decreto-9412-18\" target=\"_blank\" rel=\"noopener noreferrer\">Decreto 9412\/18 | Decreto n\u00ba 9.412, de 18 de junho de 2018.<\/a><\/li>\n<\/ul>\n<\/li>\n<\/ul>\n<ul>\n<li style=\"list-style-type: none;\">\n<ul>\n<li><a href=\"https:\/\/www.planalto.gov.br\/ccivil_03\/Leis\/L8958.htm\" target=\"_blank\" rel=\"noopener noreferrer\">8.958, de 20.12.94 &#8211; Publicada no DOU de 21.12.94 &#8211; Disp\u00f5e sobre as rela\u00e7\u00f5es entre as institui\u00e7\u00f5es federais de ensino superior e de pesquisa cient\u00edfica e tecnol\u00f3gica e as funda\u00e7\u00f5es de apoio e d\u00e1 outras provid\u00eancias.<\/a><\/li>\n<\/ul>\n<\/li>\n<\/ul>\n<p>&nbsp;<\/p>\n<ul>\n<li style=\"list-style-type: none;\">\n<ul>\n<li><a href=\"https:\/\/www.planalto.gov.br\/ccivil_03\/Leis\/L6494.htm\" target=\"_blank\" rel=\"noopener noreferrer\">6.494, de 7.12.77 &#8211; Publicada no DOU de 9.12.77 &#8211; Disp\u00f5e sobre os est\u00e1gios de estudantes de estabelecimento de ensino superior e ensino profissionalizante do 2\u00ba Grau e Supletivo e d\u00e1 outras provid\u00eancias.<\/a><\/li>\n<\/ul>\n<\/li>\n<\/ul>\n<p>&nbsp;<\/p>\n<ul>\n<li style=\"list-style-type: none;\">\n<ul>\n<li><a href=\"http:\/\/www.fundecc.org.br\/wp-content\/uploads\/2016\/09\/1_CUNI-065.pdf\" target=\"_blank\" rel=\"noopener noreferrer\">Resolu\u00e7\u00e3o CUNI 065, de 6 de setembro de 2011, Disp\u00f5e sobre o relacionamento entre a Universidade Federal de Lavras e funda\u00e7\u00f5es de apoio, visando \u00e0 execu\u00e7\u00e3o de projetos de que trata a Lei n\u00ba 8.958\/94 e o Decreto n\u00ba 7.423\/10.<\/a><\/li>\n<\/ul>\n<\/li>\n<\/ul>\n<p>&nbsp;<\/p>\n<ul>\n<li style=\"list-style-type: none;\">\n<ul>\n<li><a href=\"http:\/\/www.fundecc.org.br\/wp-content\/uploads\/2016\/09\/011_22032012-ressarcimento-ifla.pdf\" target=\"_blank\" rel=\"noopener noreferrer\">RESOLU\u00c7\u00c3O CUNI N\u00ba 011, DE 22 DE MAR\u00c7O DE 2012. Disp\u00f5e sobre a regulamenta\u00e7\u00e3o da cobran\u00e7a da Taxa de Ressarcimento da Universidade Federal de Lavras \u2013 TR\/UFLA.<\/a><\/li>\n<\/ul>\n<\/li>\n<\/ul>\n<p>&nbsp;<\/p>\n<ul>\n<li style=\"list-style-type: none;\">\n<ul>\n<li><a href=\"http:\/\/www.fundecc.org.br\/wp-content\/uploads\/2016\/09\/res0352002-colabora%C3%A7%C3%A3o-espor%C3%A1dica.pdf\" target=\"_blank\" rel=\"noopener noreferrer\">RESOLU\u00c7\u00c3O CUNI N\u00ba 035, DE 5 DE NOVEMBRO DE 2002. Disp\u00f5e sobre normas para colabora\u00e7\u00e3o espor\u00e1dica de docente em regime de trabalho de dedica\u00e7\u00e3o exclusiva integrante da Carreira do Magist\u00e9rio Superior da Universidade Federal de Lavras.<\/a><\/li>\n<\/ul>\n<\/li>\n<\/ul>\n<p>&nbsp;<\/p>\n<ul>\n<li style=\"list-style-type: none;\">\n<ul>\n<li><a href=\"http:\/\/www.planalto.gov.br\/ccivil_03\/Leis\/L8666cons.htm\" target=\"_blank\" rel=\"noopener noreferrer\">Lei n\u00ba 8.666\/93 \u2013 Estabelece normas gerais sobre licita\u00e7\u00f5es e contratos administrativos pertinentes a obras, servi\u00e7os, inclusive de publicidade, compras, aliena\u00e7\u00f5es e loca\u00e7\u00f5es no \u00e2mbito dos Poderes da Uni\u00e3o, dos Estados, do Distrito Federal e dos Munic\u00edpios.<\/a><\/li>\n<\/ul>\n<\/li>\n<\/ul>\n<p>&nbsp;<\/p>\n<ul>\n<li style=\"list-style-type: none;\">\n<ul>\n<li><a href=\"http:\/\/www.planalto.gov.br\/ccivil_03\/Leis\/L8958.htm\" target=\"_blank\" rel=\"noopener noreferrer\">Lei n\u00ba 8.958\/94 \u2013 Disp\u00f5e sobre as rela\u00e7\u00f5es entre as institui\u00e7\u00f5es federais de ensino superior e de pesquisa cient\u00edfica e tecnol\u00f3gica e as funda\u00e7\u00f5es de apoio e d\u00e1 outras provid\u00eancias.<\/a><\/li>\n<\/ul>\n<\/li>\n<\/ul>\n<p>&nbsp;<\/p>\n<ul>\n<li style=\"list-style-type: none;\">\n<ul>\n<li><a href=\"http:\/\/www.planalto.gov.br\/ccivil_03\/_Ato2004-2006\/2004\/Lei\/L10.973.htm\" target=\"_blank\" rel=\"noopener noreferrer\">Lei n\u00ba 10.973\/04 \u2013 Disp\u00f5e sobre incentivos \u00e0 inova\u00e7\u00e3o e \u00e0 pesquisa cient\u00edfica e tecnol\u00f3gica no ambiente produtivo e d\u00e1 outras provid\u00eancias.<\/a><\/li>\n<\/ul>\n<\/li>\n<\/ul>\n<p>&nbsp;<\/p>\n<ul>\n<li style=\"list-style-type: none;\">\n<ul>\n<li><a href=\"http:\/\/www.planalto.gov.br\/ccivil_03\/_ato2004-2006\/2005\/decreto\/d5563.htm\" target=\"_blank\" rel=\"noopener noreferrer\">Decreto 5563\/05 \u2013 Regulamenta a Lei no 10.973, de 2 de dezembro de 2004, que disp\u00f5e sobre incentivos \u00e0 inova\u00e7\u00e3o e \u00e0 pesquisa cient\u00edfica e tecnol\u00f3gica no ambiente produtivo, e d\u00e1 outras provid\u00eancias.<\/a><\/li>\n<\/ul>\n<\/li>\n<\/ul>\n<p>&nbsp;<\/p>\n<ul>\n<li style=\"list-style-type: none;\">\n<ul>\n<li><a href=\"http:\/\/www.planalto.gov.br\/ccivil_03\/_Ato2007-2010\/2010\/Decreto\/D7423.htm\" target=\"_blank\" rel=\"noopener noreferrer\">Decreto n\u00ba 7.423\/10- Regulamenta a Lei n\u00ba 8.958, de 20 de dezembro de 1994, que disp\u00f5e sobre as rela\u00e7\u00f5es entre as institui\u00e7\u00f5es federais de ensino superior e de pesquisa cient\u00edfica e tecnol\u00f3gica e as funda\u00e7\u00f5es de apoio, e revoga o Decreto n\u00ba 5.205, de 14 de setembro de 2004.<\/a><\/li>\n<\/ul>\n<\/li>\n<\/ul>\n<p>&nbsp;<\/p>\n<ul>\n<li style=\"list-style-type: none;\">\n<ul>\n<li><a href=\"http:\/\/www.planalto.gov.br\/ccivil_03\/_Ato2007-2010\/2007\/Decreto\/D6170.htm\" target=\"_blank\" rel=\"noopener noreferrer\">Decreto n\u00ba 6.170\/07 -Disp\u00f5e sobre as normas relativas \u00e0s transfer\u00eancias de recursos da Uni\u00e3o mediante conv\u00eanios e contratos de repasse, e d\u00e1 outras provid\u00eancias.<\/a><\/li>\n<\/ul>\n<\/li>\n<\/ul>\n<p>&nbsp;<\/p>\n<ul>\n<li style=\"list-style-type: none;\">\n<ul>\n<li><a href=\"http:\/\/www.planalto.gov.br\/ccivil_03\/_Ato2011-2014\/2014\/Decreto\/D8241.htm\" target=\"_blank\" rel=\"noopener noreferrer\">Decreto n\u00ba 8.241\/2014 \u2013 Regulamenta o art. 3o da Lei no 8.958, de 20 de dezembro de 1994, para dispor sobre a aquisi\u00e7\u00e3o de bens e a contrata\u00e7\u00e3o de obras e servi\u00e7os pelas funda\u00e7\u00f5es de apoio.<\/a><\/li>\n<\/ul>\n<\/li>\n<\/ul>\n<p>&nbsp;<\/p>\n<ul>\n<li style=\"list-style-type: none;\">\n<ul>\n<li><a href=\"http:\/\/www.planalto.gov.br\/ccivil_03\/_Ato2011-2014\/2014\/Decreto\/D8240.htm\" target=\"_blank\" rel=\"noopener noreferrer\">Decreto n\u00ba 8240\/2014 \u2013 Regulamenta os conv\u00eanios e os crit\u00e9rios de habilita\u00e7\u00e3o de empresas referidos no art. 1o-B da Lei no 8.958, de 20 de dezembro de 1994.<\/a><\/li>\n<\/ul>\n<\/li>\n<\/ul>\n<p>&nbsp;<\/p>\n<ul>\n<li style=\"list-style-type: none;\">\n<ul>\n<li><a href=\"http:\/\/www.planalto.gov.br\/ccivil_03\/_ato2007-2010\/2008\/lei\/l11788.htm\" target=\"_blank\" rel=\"noopener noreferrer\">Lei 11.788\/08 \u2013 Lei do est\u00e1gio<\/a><\/li>\n<\/ul>\n<\/li>\n<\/ul>\n<p>&nbsp;<\/p>\n<ul>\n<li style=\"list-style-type: none;\">\n<ul>\n<li><a href=\"http:\/\/www.planalto.gov.br\/ccivil_03\/leis\/1989_1994\/L8010.htm\" target=\"_blank\" rel=\"noopener noreferrer\">Lei 8.010\/90 \u2013 Disp\u00f5e sobre importa\u00e7\u00f5es de bens destinados \u00e0 pesquisa cient\u00edfica e tecnol\u00f3gica, e d\u00e1 outras provid\u00eancias.<\/a><\/li>\n<\/ul>\n<\/li>\n<\/ul>\n<p>&nbsp;<\/p>\n<ul>\n<li style=\"list-style-type: none;\">\n<ul>\n<li><a href=\"http:\/\/www.planalto.gov.br\/ccivil_03\/_ato2015-2018\/2016\/lei\/l13243.htm\" target=\"_blank\" rel=\"noopener noreferrer\">Lei n\u00ba 13.243\/2016 \u2013 Disp\u00f5e sobre est\u00edmulos ao desenvolvimento cient\u00edfico, \u00e0 pesquisa, \u00e0 capacita\u00e7\u00e3o cient\u00edfica e tecnol\u00f3gica e \u00e0 inova\u00e7\u00e3o e altera a Lei no 10.973, de 2 de dezembro de 2004, a Lei no 6.815, de 19 de agosto de 1980, a Lei no 8.666, de 21 de junho de 1993, a Lei no 12.462, de 4 de agosto de 2011, a Lei no 8.745, de 9 de dezembro de 1993, a Lei no 8.958, de 20 de dezembro de 1994, a Lei no 8.010, de 29 de mar\u00e7o de 1990, a Lei no 8.032, de 12 de abril de 1990, e a Lei no 12.772, de 28 de dezembro de 2012, nos termos da Emenda Constitucional no 85, de 26 de fevereiro de 2015.<\/a><\/li>\n<\/ul>\n<\/li>\n<\/ul>\n<p>&nbsp;<\/p>\n<ul>\n<li style=\"list-style-type: none;\">\n<ul>\n<li><a href=\"http:\/\/www.planalto.gov.br\/ccivil_03\/_ato2011-2014\/2012\/lei\/l12772.htm\" target=\"_blank\" rel=\"noopener noreferrer\">Lei n\u00ba 12.772\/2012 \u2013 Disp\u00f5e sobre a estrutura\u00e7\u00e3o do Plano de Carreiras e Cargos de Magist\u00e9rio Federal; sobre a Carreira do Magist\u00e9rio Superior, de que trata a Lei no 7.596, de 10 de abril de 1987; sobre o Plano de Carreira e Cargos de Magist\u00e9rio do Ensino B\u00e1sico, T\u00e9cnico e Tecnol\u00f3gico e sobre o Plano de Carreiras de Magist\u00e9rio do Ensino B\u00e1sico Federal, de que trata a Lei no 11.784, de 22 de setembro de 2008; sobre a contrata\u00e7\u00e3o de professores substitutos, visitantes e estrangeiros, de que trata a Lei no 8.745 de 9 de dezembro de 1993; sobre a remunera\u00e7\u00e3o das Carreiras e Planos Especiais do Instituto Nacional de Estudos e Pesquisas Educacionais An\u00edsio Teixeira e do Fundo Nacional de Desenvolvimento da Educa\u00e7\u00e3o, de que trata a Lei no11.357, de 19 de outubro de 2006; altera remunera\u00e7\u00e3o do Plano de Cargos T\u00e9cnico-Administrativos em Educa\u00e7\u00e3o; altera as Leis nos 8.745, de 9 de dezembro de 1993, 11.784, de 22 de setembro de 2008, 11.091, de 12 de janeiro de 2005, 11.892, de 29 de dezembro de 2008, 11.357, de 19 de outubro de 2006, 11.344, de 8 de setembro de 2006, 12.702, de 7 de agosto de 2012, e 8.168, de 16 de janeiro de 1991; revoga o art. 4oda Lei no 12.677, de 25 de junho de 2012; e d\u00e1 outras provid\u00eancias.<\/a><\/li>\n<\/ul>\n<\/li>\n<\/ul>\n<p>&nbsp;<\/p>\n<ul>\n<li style=\"list-style-type: none;\">\n<ul>\n<li><a href=\"http:\/\/www.mpmg.mp.br\/files\/diariooficial\/DO-20150328.PDF\" target=\"_blank\" rel=\"noopener noreferrer\">Resolu\u00e7\u00e3o PGJ 30\/2015 \u2013 Disp\u00f5e sobre a atua\u00e7\u00e3o do Minist\u00e9rio P\u00fablico do Estado de Minas Gerais no velamento das funda\u00e7\u00f5es de direito privado.<\/a><\/li>\n<\/ul>\n<\/li>\n<\/ul>\n<p>&nbsp;<\/p>\n<ul>\n<li><a href=\"http:\/\/www.procuradoria.ufrj.br\/legislacao-1\/legislacao-sobre-licitacoes-contratos-e-convenios\/portaria-interministerial-cgu-mf-mp-507-2011\" target=\"_blank\" rel=\"noopener noreferrer\">Portaria Interministerial 507\/2011<\/a><\/li>\n<\/ul>\n","protected":false},"excerpt":{"rendered":"<p>Portaria \u00e9 um ato administrativo, que cont\u00e9m ordens\/instru\u00e7\u00f5es, referindo-se a dispositivos legais, recomendando em car\u00e1ter geral ou especificamente sobre determinado&nbsp; <a href=\"http:\/\/site.faepe.org.br\/?page_id=31\">&hellip; Leia Mais <i class=\"fa fa-arrow-right\"><\/i><\/a><\/p>\n","protected":false},"author":2,"featured_media":0,"parent":0,"menu_order":0,"comment_status":"closed","ping_status":"closed","template":"","meta":[],"_links":{"self":[{"href":"http:\/\/site.faepe.org.br\/index.php?rest_route=\/wp\/v2\/pages\/31"}],"collection":[{"href":"http:\/\/site.faepe.org.br\/index.php?rest_route=\/wp\/v2\/pages"}],"about":[{"href":"http:\/\/site.faepe.org.br\/index.php?rest_route=\/wp\/v2\/types\/page"}],"author":[{"embeddable":true,"href":"http:\/\/site.faepe.org.br\/index.php?rest_route=\/wp\/v2\/users\/2"}],"replies":[{"embeddable":true,"href":"http:\/\/site.faepe.org.br\/index.php?rest_route=%2Fwp%2Fv2%2Fcomments&post=31"}],"version-history":[{"count":8,"href":"http:\/\/site.faepe.org.br\/index.php?rest_route=\/wp\/v2\/pages\/31\/revisions"}],"predecessor-version":[{"id":1433,"href":"http:\/\/site.faepe.org.br\/index.php?rest_route=\/wp\/v2\/pages\/31\/revisions\/1433"}],"wp:attachment":[{"href":"http:\/\/site.faepe.org.br\/index.php?rest_route=%2Fwp%2Fv2%2Fmedia&parent=31"}],"curies":[{"name":"wp","href":"https:\/\/api.w.org\/{rel}","templated":true}]}}