{"id":294,"date":"2018-10-03T16:38:51","date_gmt":"2018-10-03T19:38:51","guid":{"rendered":"http:\/\/www.faepe.org.br\/?page_id=294"},"modified":"2025-02-18T11:08:04","modified_gmt":"2025-02-18T14:08:04","slug":"auditorias","status":"publish","type":"page","link":"http:\/\/site.faepe.org.br\/?page_id=294","title":{"rendered":"Auditorias"},"content":{"rendered":"<p>Relat\u00f3rios de auditorias externas que s\u00e3o realizadas na Funda\u00e7\u00e3o de Apoio ao Ensino Pesquisa e Extens\u00e3o.<br \/>\nOs relat\u00f3rios podem ser acessados por meio destes links:<\/p>\n<p><a role=\"link\" href=\"http:\/\/www.faepe.org.br\/wp-content\/uploads\/2018\/10\/BALANCETE-2013-E-2014.pdf\">Parecer 2013 e 2014<\/a><\/p>\n<p><a role=\"link\" href=\"http:\/\/www.faepe.org.br\/wp-content\/uploads\/2018\/10\/BALANCETE-2013-E-2014.pdf\">Parecer<\/a><a role=\"link\" href=\"http:\/\/www.faepe.org.br\/wp-content\/uploads\/2018\/10\/BALANCETE-2015.pdf\"> 2015<\/a><\/p>\n<p><a role=\"link\" href=\"http:\/\/www.faepe.org.br\/wp-content\/uploads\/2018\/10\/BALANCETE-2013-E-2014.pdf\">Parecer<\/a> <a role=\"link\" href=\"http:\/\/www.faepe.org.br\/wp-content\/uploads\/2018\/10\/BALANCETE-DE-2016.pdf\">2016<\/a><\/p>\n<p><a role=\"link\" href=\"http:\/\/www.faepe.org.br\/wp-content\/uploads\/2019\/06\/Relat\u00f3rio-dos-Auditores-Temponi-FAEPE-exerc\u00edcio-2017.pdf\">Parecer 2017<\/a><\/p>\n<p><a role=\"link\" href=\"http:\/\/www.faepe.org.br\/wp-content\/uploads\/2018\/10\/BALANCETE-2013-E-2014.pdf\">Parecer<\/a><a role=\"link\" href=\"http:\/\/www.faepe.org.br\/wp-content\/uploads\/2019\/10\/Auditoria-FAEPE.pdf\"> 2018<\/a><\/p>\n<p><a role=\"link\" href=\"http:\/\/www.faepe.org.br\/wp-content\/uploads\/2018\/10\/BALANCETE-2013-E-2014.pdf\">Parecer<\/a><a role=\"link\" href=\"http:\/\/www.faepe.org.br\/wp-content\/uploads\/2025\/02\/Parecer-Auditoria-2019.pdf\"> 2019<\/a><\/p>\n<p><a role=\"link\" href=\"http:\/\/www.faepe.org.br\/wp-content\/uploads\/2018\/10\/BALANCETE-2013-E-2014.pdf\">Parecer<\/a><a role=\"link\" href=\"http:\/\/www.faepe.org.br\/wp-content\/uploads\/2025\/02\/Parecer-Auditoria-2020.pdf\"> 2020<\/a><\/p>\n<p><a role=\"link\" href=\"http:\/\/www.faepe.org.br\/wp-content\/uploads\/2018\/10\/BALANCETE-2013-E-2014.pdf\">Parecer<\/a><a role=\"link\" href=\"http:\/\/www.faepe.org.br\/wp-content\/uploads\/2025\/02\/Parecer-Auditoria-2021.pdf\"> 2021<\/a><\/p>\n<p><a role=\"link\" href=\"http:\/\/www.faepe.org.br\/wp-content\/uploads\/2018\/10\/BALANCETE-2013-E-2014.pdf\">Parecer<\/a><a role=\"link\" href=\"http:\/\/www.faepe.org.br\/wp-content\/uploads\/2025\/02\/Parecer-Auditoria-2022.pdf\"> 2022<\/a><\/p>\n<p><a role=\"link\" href=\"http:\/\/www.faepe.org.br\/wp-content\/uploads\/2018\/10\/BALANCETE-2013-E-2014.pdf\">Parecer<\/a><a role=\"link\" href=\"http:\/\/www.faepe.org.br\/wp-content\/uploads\/2025\/02\/Parecer-Auditoria-2023.pdf\"> 2023<\/a><\/p>\n","protected":false},"excerpt":{"rendered":"<p>Relat\u00f3rios de auditorias externas que s\u00e3o realizadas na Funda\u00e7\u00e3o de Apoio ao Ensino Pesquisa e Extens\u00e3o. Os relat\u00f3rios podem ser&nbsp; <a href=\"http:\/\/site.faepe.org.br\/?page_id=294\">&hellip; Leia Mais <i class=\"fa fa-arrow-right\"><\/i><\/a><\/p>\n","protected":false},"author":2,"featured_media":0,"parent":0,"menu_order":0,"comment_status":"closed","ping_status":"closed","template":"","meta":[],"_links":{"self":[{"href":"http:\/\/site.faepe.org.br\/index.php?rest_route=\/wp\/v2\/pages\/294"}],"collection":[{"href":"http:\/\/site.faepe.org.br\/index.php?rest_route=\/wp\/v2\/pages"}],"about":[{"href":"http:\/\/site.faepe.org.br\/index.php?rest_route=\/wp\/v2\/types\/page"}],"author":[{"embeddable":true,"href":"http:\/\/site.faepe.org.br\/index.php?rest_route=\/wp\/v2\/users\/2"}],"replies":[{"embeddable":true,"href":"http:\/\/site.faepe.org.br\/index.php?rest_route=%2Fwp%2Fv2%2Fcomments&post=294"}],"version-history":[{"count":8,"href":"http:\/\/site.faepe.org.br\/index.php?rest_route=\/wp\/v2\/pages\/294\/revisions"}],"predecessor-version":[{"id":1541,"href":"http:\/\/site.faepe.org.br\/index.php?rest_route=\/wp\/v2\/pages\/294\/revisions\/1541"}],"wp:attachment":[{"href":"http:\/\/site.faepe.org.br\/index.php?rest_route=%2Fwp%2Fv2%2Fmedia&parent=294"}],"curies":[{"name":"wp","href":"https:\/\/api.w.org\/{rel}","templated":true}]}}