{"id":29,"date":"2018-05-04T10:12:27","date_gmt":"2018-05-04T13:12:27","guid":{"rendered":"http:\/\/construcao.faepe.org.br\/?page_id=29"},"modified":"2018-05-04T10:12:27","modified_gmt":"2018-05-04T13:12:27","slug":"hino-da-faepe","status":"publish","type":"page","link":"http:\/\/site.faepe.org.br\/?page_id=29","title":{"rendered":"Hino da FAEPE"},"content":{"rendered":"<p align=\"left\"><em>Hino \u00e0 Faepe<br \/>\n<\/em><strong>Letra: <\/strong>\u00c2ngelo de Moura Delphim<br \/>\n<strong>M\u00fasica:<\/strong> Norma L\u00facia de Matos<\/p>\n<p align=\"left\"><img decoding=\"async\" loading=\"lazy\" src=\"http:\/\/www.faepe.org.br\/2006\/faepe\/fotocoral.jpg\" alt=\"Coral Vozes do Campus\" width=\"401\" height=\"186\" border=\"1\" \/><\/p>\n<p align=\"left\"><a href=\"http:\/\/www.faepe.org.br\/2006\/faepe\/hino_faepe.mp3\"><strong>Clique aqui e ou\u00e7a o Hino da FAEPE<br \/>\n<\/strong>(Cantado pelo Coral Vozes do Campus<\/a>)<\/p>\n<p align=\"left\">SALVE NOBRE FUNDA\u00c7\u00c3O<br \/>\nDE ENSINO E EXTENS\u00c3O<br \/>\nA TI N\u00d3S CANTAREMOS LOUVOR<br \/>\nAO TEU PRECIOSO LABOR<br \/>\nFAEPE SEMPRE PRESENTE<br \/>\nNA VIDA FELIZ DA GENTE<br \/>\nFAEPE MESMO AUSENTES<br \/>\nN\u00c3O TE ESQUECEREMOS JAMAIS<br \/>\nFAEPE MESMO AUSENTES<br \/>\nN\u00c3O TE ESQUECEREMOS JAMAIS<\/p>\n<p align=\"left\">TEU NOME \u00c9 DE PROJE\u00c7\u00c3O<br \/>\nNO CEN\u00c1RIO BRASILEIRO<br \/>\nSUAS PESQUISAS NOS ENRIQUECEM<br \/>\nE A LAVRAS NOSSO TORR\u00c3O<br \/>\nFAEPE SEMPRE PRESENTE<br \/>\nNA VIDA FELIZ DA GENTE<br \/>\nFAEPE MESMO AUSENTES<br \/>\nN\u00c3O TE ESQUECEREMOS JAMAIS<br \/>\nFAEPE MESMO AUSENTES<br \/>\nN\u00c3O TE ESQUECEREMOS JAMAIS<\/p>\n","protected":false},"excerpt":{"rendered":"<p>Hino \u00e0 Faepe Letra: \u00c2ngelo de Moura Delphim M\u00fasica: Norma L\u00facia de Matos Clique aqui e ou\u00e7a o Hino da&nbsp; <a href=\"http:\/\/site.faepe.org.br\/?page_id=29\">&hellip; Leia Mais <i class=\"fa fa-arrow-right\"><\/i><\/a><\/p>\n","protected":false},"author":2,"featured_media":0,"parent":0,"menu_order":0,"comment_status":"closed","ping_status":"closed","template":"","meta":[],"_links":{"self":[{"href":"http:\/\/site.faepe.org.br\/index.php?rest_route=\/wp\/v2\/pages\/29"}],"collection":[{"href":"http:\/\/site.faepe.org.br\/index.php?rest_route=\/wp\/v2\/pages"}],"about":[{"href":"http:\/\/site.faepe.org.br\/index.php?rest_route=\/wp\/v2\/types\/page"}],"author":[{"embeddable":true,"href":"http:\/\/site.faepe.org.br\/index.php?rest_route=\/wp\/v2\/users\/2"}],"replies":[{"embeddable":true,"href":"http:\/\/site.faepe.org.br\/index.php?rest_route=%2Fwp%2Fv2%2Fcomments&post=29"}],"version-history":[{"count":1,"href":"http:\/\/site.faepe.org.br\/index.php?rest_route=\/wp\/v2\/pages\/29\/revisions"}],"predecessor-version":[{"id":30,"href":"http:\/\/site.faepe.org.br\/index.php?rest_route=\/wp\/v2\/pages\/29\/revisions\/30"}],"wp:attachment":[{"href":"http:\/\/site.faepe.org.br\/index.php?rest_route=%2Fwp%2Fv2%2Fmedia&parent=29"}],"curies":[{"name":"wp","href":"https:\/\/api.w.org\/{rel}","templated":true}]}}