{"id":270,"date":"2018-10-02T16:21:40","date_gmt":"2018-10-02T19:21:40","guid":{"rendered":"http:\/\/www.faepe.org.br\/?page_id=270"},"modified":"2025-02-18T10:33:48","modified_gmt":"2025-02-18T13:33:48","slug":"balanco-patrimonial","status":"publish","type":"page","link":"http:\/\/site.faepe.org.br\/?page_id=270","title":{"rendered":"Balan\u00e7o Patrimonial"},"content":{"rendered":"<p>Balan\u00e7o patrimonial da Funda\u00e7\u00e3o de Desenvolvimento Cient\u00edfico e Cultural.<br \/>\nOs balan\u00e7os podem ser acessados por meios destes links:<\/p>\n<p><a href=\"http:\/\/www.faepe.org.br\/wp-content\/uploads\/2018\/10\/Balanco_Faepe_2012-arrumado.pdf\">Balan\u00e7o Patrimonial FAEPE 2012<\/a><\/p>\n<p><a href=\"http:\/\/www.faepe.org.br\/wp-content\/uploads\/2018\/10\/Balanco-FAEPE-2013-1.pdf\">Balan\u00e7o Patrimonial FAEPE 2013<\/a><\/p>\n<p><a role=\"link\" href=\"http:\/\/www.faepe.org.br\/wp-content\/uploads\/2018\/10\/BALANCETE-2013-E-2014.pdf\">Balan\u00e7o Patrimonial FAEPE 2014<\/a><\/p>\n<p><a role=\"link\" href=\"http:\/\/www.faepe.org.br\/wp-content\/uploads\/2018\/10\/BALANCETE-2015.pdf\">Balan\u00e7o Patrimonial FAEPE 2015<\/a><\/p>\n<p><a role=\"link\" href=\"http:\/\/www.faepe.org.br\/wp-content\/uploads\/2018\/10\/BALANCETE-DE-2016.pdf\">Balan\u00e7o Patrimonial FAEPE 2016<\/a><\/p>\n<p><a href=\"http:\/\/www.faepe.org.br\/wp-content\/uploads\/2018\/10\/Balan\u00e7o-patrimonial-faepe-2017.pdf\">Balan\u00e7o Patrimonial FAEPE 2017<\/a><\/p>\n<p><a href=\"http:\/\/www.faepe.org.br\/wp-content\/uploads\/2019\/10\/Balanco-FAEPE.pdf\">Balan\u00e7o Patrimonial FAEPE 2018<\/a><\/p>\n<p><a href=\"http:\/\/www.faepe.org.br\/wp-content\/uploads\/2025\/02\/Balanco-Faepe-2019.pdf\">Balan\u00e7o Patrimonial FAEPE 2019<\/a><\/p>\n<p><a href=\"http:\/\/www.faepe.org.br\/wp-content\/uploads\/2025\/02\/Balanco-Faepe-2020.pdf\">Balan\u00e7o Patrimonial FAEPE 2020<\/a><\/p>\n<p><a href=\"http:\/\/www.faepe.org.br\/wp-content\/uploads\/2025\/02\/Balanco-Faepe-2021.pdf\">Balan\u00e7o Patrimonial FAEPE 2021<\/a><\/p>\n<p><a href=\"http:\/\/www.faepe.org.br\/wp-content\/uploads\/2025\/02\/Balanco-Patrimonial-2022.pdf\">Balan\u00e7o Patrimonial FAEPE 2022<\/a><\/p>\n<p><a href=\"http:\/\/www.faepe.org.br\/wp-content\/uploads\/2025\/02\/Balanco-Patrimonial-2023.pdf\">Balan\u00e7o Patrimonial FAEPE 2023<\/a><\/p>\n","protected":false},"excerpt":{"rendered":"<p>Balan\u00e7o patrimonial da Funda\u00e7\u00e3o de Desenvolvimento Cient\u00edfico e Cultural. Os balan\u00e7os podem ser acessados por meios destes links: Balan\u00e7o Patrimonial&nbsp; <a href=\"http:\/\/site.faepe.org.br\/?page_id=270\">&hellip; Leia Mais <i class=\"fa fa-arrow-right\"><\/i><\/a><\/p>\n","protected":false},"author":2,"featured_media":0,"parent":0,"menu_order":0,"comment_status":"closed","ping_status":"closed","template":"","meta":[],"_links":{"self":[{"href":"http:\/\/site.faepe.org.br\/index.php?rest_route=\/wp\/v2\/pages\/270"}],"collection":[{"href":"http:\/\/site.faepe.org.br\/index.php?rest_route=\/wp\/v2\/pages"}],"about":[{"href":"http:\/\/site.faepe.org.br\/index.php?rest_route=\/wp\/v2\/types\/page"}],"author":[{"embeddable":true,"href":"http:\/\/site.faepe.org.br\/index.php?rest_route=\/wp\/v2\/users\/2"}],"replies":[{"embeddable":true,"href":"http:\/\/site.faepe.org.br\/index.php?rest_route=%2Fwp%2Fv2%2Fcomments&post=270"}],"version-history":[{"count":12,"href":"http:\/\/site.faepe.org.br\/index.php?rest_route=\/wp\/v2\/pages\/270\/revisions"}],"predecessor-version":[{"id":1522,"href":"http:\/\/site.faepe.org.br\/index.php?rest_route=\/wp\/v2\/pages\/270\/revisions\/1522"}],"wp:attachment":[{"href":"http:\/\/site.faepe.org.br\/index.php?rest_route=%2Fwp%2Fv2%2Fmedia&parent=270"}],"curies":[{"name":"wp","href":"https:\/\/api.w.org\/{rel}","templated":true}]}}