{"id":268,"date":"2022-02-01T14:37:02","date_gmt":"2022-02-01T17:37:02","guid":{"rendered":"http:\/\/www.faepe.org.br\/?page_id=268"},"modified":"2025-02-04T16:24:07","modified_gmt":"2025-02-04T19:24:07","slug":"portarias","status":"publish","type":"page","link":"http:\/\/site.faepe.org.br\/?page_id=268","title":{"rendered":"Portarias"},"content":{"rendered":"\n<p><a href=\"http:\/\/No menu lateral esquerdo clique em P\u00e1ginas \/ Todas as p\u00e1ginas para abrir em outra aba\">Portaria<\/a><\/p>\n\n\n\n<p>Designa o Diretor Executivo da FAEPE.<\/p>\n\n\n\n<p><a href=\"http:\/\/www.faepe.org.br\/wp-content\/uploads\/2025\/02\/Portaria-324-prof.-Rilke.pdf\">PORTARIA 324 &#8211; 2024<\/a><\/p>\n\n\n\n<hr class=\"wp-block-separator has-css-opacity\"\/>\n\n\n\n<p>Designa o Diretor Executivo da FAEPE.<\/p>\n\n\n\n<p><a href=\"http:\/\/www.faepe.org.br\/wp-content\/uploads\/2025\/02\/PORTARIA-Claudio-REITORIA-No-166-DE-08-DE-MARCO-DE-2023-1.pdf\">PORTARIA 166 &#8211; 2023<\/a><\/p>\n\n\n\n<hr class=\"wp-block-separator has-css-opacity\"\/>\n\n\n\n<p>Designa o diretor administrativo para responder pela diretoria executiva da FAEPE.<\/p>\n\n\n\n<p><a href=\"http:\/\/www.faepe.org.br\/wp-content\/uploads\/2022\/02\/PORTARIA-No-01-DE-01-DE-FEVEREIRO-DE-2022.-Desgina-Helio-como-Diretor-Executivo-em-exercicio.pdf\">PORTARIA 001 &#8211; 2022<\/a><\/p>\n\n\n\n<hr class=\"wp-block-separator has-css-opacity\"\/>\n\n\n\n<p>Designa o diretor administrativo para responder pela diretoria executiva da FAEPE.<\/p>\n\n\n\n<p><a href=\"http:\/\/www.faepe.org.br\/wp-content\/uploads\/2021\/12\/Portaria-008-de-vinte-e-um-de-dezembro-de-2021-designa-Helio-como-diretor-executivo.pdf\">PORTARIA 008 &#8211; 2021<\/a><\/p>\n\n\n\n<hr class=\"wp-block-separator has-css-opacity\"\/>\n\n\n\n<p>Designa o diretor administrativo para responder pela diretoria executiva da FAEPE.<\/p>\n\n\n\n<p><a href=\"http:\/\/www.faepe.org.br\/wp-content\/uploads\/2021\/09\/PORTARIA-No-07-DE-26-DE-SETEMBRO-DE-2021-FAEPE.pdf\">PORTARIA 007 &#8211; 2021<\/a><\/p>\n\n\n\n<hr class=\"wp-block-separator has-css-opacity\"\/>\n\n\n\n<p>Altera a composi\u00e7\u00e3o da comiss\u00e3o para levantamento e avalia\u00e7\u00e3o de bens m\u00f3veis para fins de doa\u00e7\u00e3o.<\/p>\n\n\n\n<p><a href=\"http:\/\/www.faepe.org.br\/wp-content\/uploads\/2021\/09\/Portaria-No-06-de-1-de-setembro-de-2021.pdf\">PORTARIA 006 &#8211; 2021<\/a><\/p>\n\n\n\n<hr class=\"wp-block-separator has-css-opacity\"\/>\n\n\n\n<p>Nomeia comiss\u00e3o para levantamento e avalia\u00e7\u00e3o de bens m\u00f3veis para fins de doa\u00e7\u00e3o.<\/p>\n\n\n\n<p><a href=\"http:\/\/www.faepe.org.br\/wp-content\/uploads\/2021\/07\/Portaria-No-05-de-30-de-junho-de-2021.pdf\">PORTARIA 005 &#8211; 2021<\/a><\/p>\n\n\n\n<hr class=\"wp-block-separator has-css-opacity\"\/>\n\n\n\n<p>Designa o Diretor Administrativo para responder pela Diretoria Executiva da Funda\u00e7\u00e3o de Apoio ao Ensino Pesquisa e Extens\u00e3o &#8211; FAEPE<\/p>\n\n\n\n<p><a href=\"http:\/\/www.faepe.org.br\/wp-content\/uploads\/2021\/06\/PORTARIA-DELEGACAO-02.06-FAEPE.pdf\">PORTARIA 004 &#8211; 2021<\/a><\/p>\n\n\n\n<hr class=\"wp-block-separator has-css-opacity\"\/>\n\n\n\n<p>Designa o Diretor Administrativo para responder pela Diretoria Executiva da Funda\u00e7\u00e3o de Apoio ao Ensino Pesquisa e Extens\u00e3o &#8211; FAEPE<\/p>\n\n\n\n<p><a href=\"http:\/\/www.faepe.org.br\/wp-content\/uploads\/2021\/05\/PORTARIA-No-03-DE-29-DE-ABRIL-de-2021-Manifesto-1.pdf\">PORTARIA 003 &#8211; 2021<\/a><\/p>\n\n\n\n<hr class=\"wp-block-separator has-css-opacity\"\/>\n\n\n\n<p>Estabelece a concess\u00e3o de di\u00e1rias no \u00e2mbito da Funda\u00e7\u00e3o de Apoio ao Ensino Pesquisa e Extens\u00e3o &#8211; FAEPE<\/p>\n\n\n\n<p><a href=\"http:\/\/www.faepe.org.br\/wp-content\/uploads\/2021\/02\/PORTARIA-No-02-DE-24-DE-FEVEREIRO-DE-2021-ESTABELECE-CONCESSAO-DE-DIARIAS-NO-AMBITO-DA-FAEPE.pdf\">PORTARIA 002 &#8211; 2021<\/a><\/p>\n\n\n\n<hr class=\"wp-block-separator has-css-opacity\"\/>\n\n\n\n<p>Designa o Diretor Adjunto Administrativo para responder pela Diretoria Executiva da Funda\u00e7\u00e3o.<\/p>\n\n\n\n<p><a href=\"http:\/\/www.faepe.org.br\/wp-content\/uploads\/2021\/02\/PORTARIA-FAEPE-No-01-DE-04-DE-FEVEREIRO-DE-2021.pdf\">PORTARIA 001 &#8211; 2021<\/a><\/p>\n\n\n\n<p><a href=\"http:\/\/www.faepe.org.br\/wp-content\/uploads\/2021\/02\/PORTARIA-No-01-DE-04-DE-FEVEREIRO-de-2021-errata.pdf\">ERRATA &#8211; PORTARIA 001 &#8211; 2021<\/a><\/p>\n\n\n\n<hr class=\"wp-block-separator has-css-opacity\"\/>\n\n\n\n<p>Prorroga a vig\u00eancia da Portaria N\u00ba 002 de 26 de novembro de 2020 que designa o diretor adjunto administrativo para responder pela diretoria executiva da FAEPE<\/p>\n\n\n\n<p><a href=\"http:\/\/www.faepe.org.br\/wp-content\/uploads\/2020\/12\/PORTARIA-No-03-DE-07-DE-DEZEMBRO-DE-2020.pdf\">PORTARIA 003 &#8211; 2020<\/a><\/p>\n\n\n\n<hr class=\"wp-block-separator has-css-opacity\"\/>\n\n\n\n<p>Designa o diretor adjunto administrativo para responder pela diretoria executiva da FAEPE<\/p>\n\n\n\n<p><a href=\"http:\/\/www.faepe.org.br\/wp-content\/uploads\/2020\/11\/Portaria-No-02-de-26-de-novembro-de-2020-1.pdf\">PORTARIA 002 &#8211; 2020<\/a><\/p>\n\n\n\n<hr class=\"wp-block-separator has-css-opacity\"\/>\n\n\n\n<p>Designa o diretor adjunto administrativo para responder pela diretoria executiva da FAEPE<\/p>\n\n\n\n<p><a href=\"http:\/\/www.faepe.org.br\/wp-content\/uploads\/2020\/02\/Portaria-N\u00ba-001-de-07-de-fevereiro-de-2020-Desinga-H\u00e9lio-para-fun\u00e7\u00f5es-de-diretor-executivo.pdf\">PORTARIA 001 &#8211; 2020<\/a><\/p>\n\n\n\n<hr class=\"wp-block-separator has-css-opacity\"\/>\n\n\n\n<p>Designa o diretor administrativo para responder pela diretoria executiva da FAEPE em per\u00edodo que menciona e d\u00e1 outras provid\u00eancias<\/p>\n\n\n\n<p><a href=\"http:\/\/www.faepe.org.br\/wp-content\/uploads\/2019\/12\/Portaria-N\u00ba-07-de-16-de-dezembro-2019.pdf\">PORTARIA 007 &#8211; 2019<\/a><\/p>\n\n\n\n<hr class=\"wp-block-separator has-css-opacity\"\/>\n\n\n\n<p>Constitui a comiss\u00e3o de Sele\u00e7\u00e3o P\u00fablica para licita\u00e7\u00f5es<\/p>\n\n\n\n<p><a href=\"http:\/\/www.faepe.org.br\/wp-content\/uploads\/2019\/11\/Portaria-n\u00ba-006-de-22-de-outubro-de-2019.pdf\">PORTARIA 006 &#8211; 2019<\/a><\/p>\n\n\n\n<hr class=\"wp-block-separator has-css-opacity\"\/>\n\n\n\n<p>Designa Diretor Adjunto Administrativo<\/p>\n\n\n\n<p><a href=\"http:\/\/www.faepe.org.br\/wp-content\/uploads\/2019\/07\/Portaria-N\u00ba-004-de-19-de-julho-de-2019.pdf\">PORTARIA 004 &#8211; 2019<\/a><\/p>\n\n\n\n<hr class=\"wp-block-separator has-css-opacity\"\/>\n\n\n\n<p>Prorroga a vig\u00eancia da Portaria 001.<\/p>\n\n\n\n<p><a href=\"http:\/\/www.faepe.org.br\/wp-content\/uploads\/2019\/03\/Portaria-N\u00ba-003-de-1\u00ba-de-mar\u00e7o-de-2019-FAEPE.pdf\">PORTARIA 003 &#8211; 2019<\/a><\/p>\n\n\n\n<hr class=\"wp-block-separator has-css-opacity\"\/>\n\n\n\n<p>Cede a colaboradora que faz men\u00e7\u00e3o e d\u00e1 outras provid\u00eancias.<\/p>\n\n\n\n<p><a href=\"http:\/\/www.faepe.org.br\/wp-content\/uploads\/2019\/04\/Portaria-N%C2%BA-002-de-27-de-fevereiro-de-2019.pdf\">PORTARIA 002 &#8211; 2019<\/a><\/p>\n\n\n\n<hr class=\"wp-block-separator has-css-opacity\"\/>\n\n\n\n<p>Designa Diretor Adjunto Administrativo, para responder pela Diretoria Executiva.<\/p>\n\n\n\n<p><a href=\"http:\/\/www.faepe.org.br\/wp-content\/uploads\/2019\/02\/Portaria-N\u00ba-001-de-18-de-fevereiro-de-2019.pdf\">PORTARIA 001 &#8211; 2019<\/a><\/p>\n\n\n\n<hr class=\"wp-block-separator has-css-opacity\"\/>\n\n\n\n<p>Designa o diretor adjunto administrativo para responder interinamente pela dire\u00e7\u00e3o executiva da funda\u00e7\u00e3o e d\u00e1 outras provid\u00eancias.<\/p>\n\n\n\n<p><a href=\"http:\/\/www.faepe.org.br\/wp-content\/uploads\/2018\/12\/Portaria-FAEPE-N\u00ba-002-de14-de-novembro-de-2018.pdf\">PORTARIA 002 &#8211; 2018<\/a><\/p>\n\n\n\n<hr class=\"wp-block-separator has-css-opacity\"\/>\n\n\n\n<p>Confere autoriza\u00e7\u00e3o interina.<\/p>\n\n\n\n<p><a href=\"http:\/\/www.faepe.org.br\/wp-content\/uploads\/2018\/10\/Portaria-013-de-29-03-17.pdf\" target=\"_blank\" rel=\"noopener noreferrer\">PORTARIA 013 &#8211; 2017<\/a><\/p>\n\n\n\n<hr class=\"wp-block-separator has-css-opacity\"\/>\n\n\n\n<p>Constitui a Comiss\u00e3o Especial para credenciamento de pessoal habilitado para recrutamento de apoio cultural para a R\u00e1dio e a TV Universit\u00e1rias.<\/p>\n\n\n\n<p><a href=\"http:\/\/www.faepe.org.br\/wp-content\/uploads\/2018\/10\/PORTARIA-014-DE-08-DE-JUNHO-DE-2017.pdf\">PORTARIA 014 &#8211; 2017<\/a><\/p>\n\n\n\n<hr class=\"wp-block-separator has-css-opacity\"\/>\n\n\n\n<p>Nomeia Comiss\u00e3o para Inventariar patrim\u00f4nio alocado na sede da TV Universit\u00e1ria.<\/p>\n\n\n\n<p><a href=\"http:\/\/www.faepe.org.br\/wp-content\/uploads\/2018\/10\/PORTARIA-017-DE-08-DE-NOVEMBRO-DE-2017.pdf\">PORTARIA 017 &#8211; 2017<\/a><\/p>\n\n\n\n<hr class=\"wp-block-separator has-css-opacity\"\/>\n\n\n\n<p>Constitui Comiss\u00e3o de Sele\u00e7\u00e3o P\u00fablica para realiza\u00e7\u00e3o de licita\u00e7\u00f5es, em todas as suas modalidades, para aquisi\u00e7\u00e3o e aliena\u00e7\u00e3o de materiais e produtos.<\/p>\n\n\n\n<p><a href=\"http:\/\/www.faepe.org.br\/wp-content\/uploads\/2018\/10\/PORTARIA-003-DE-15-DE-FEVEREIRO-DE-2016.pdf\">PORTARIA 003 &#8211; 2016<\/a><\/p>\n\n\n\n<p>Disp\u00f5e sobre a conce\u00e7\u00e3o de di\u00e1rias pela Funda\u00e7\u00e3o de Apoio ao Ensino, Pesquisa e Extens\u00e3o &#8211; FAEPE.<\/p>\n\n\n\n<p><a href=\"http:\/\/www.faepe.org.br\/wp-content\/uploads\/2018\/10\/Portaria-016-de-15-08-16.pdf\" target=\"_blank\" rel=\"noopener noreferrer\">PORTARIA 016 &#8211; 2016<\/a><\/p>\n\n\n\n<hr class=\"wp-block-separator has-css-opacity\"\/>\n\n\n\n<p>Constitui a Comiss\u00e3o de Sele\u00e7\u00e3o P\u00fablica para realiza\u00e7\u00e3o de licita\u00e7\u00f5es, em todas as suas modalidades, para aquisi\u00e7\u00e3o e aliena\u00e7\u00e3o de materiais e produtos.<\/p>\n\n\n\n<p><a href=\"http:\/\/www.faepe.org.br\/wp-content\/uploads\/2018\/10\/PORTARIA-004-DE-15-DE-MAR\u00c7O-DE-2015.pdf\">PORTARIA 004 &#8211; 2015<\/a><\/p>\n\n\n\n<hr class=\"wp-block-separator has-css-opacity\"\/>\n","protected":false},"excerpt":{"rendered":"<p>Portaria Designa o Diretor Executivo da FAEPE. PORTARIA 324 &#8211; 2024 Designa o Diretor Executivo da FAEPE. PORTARIA 166 &#8211;&nbsp; <a href=\"http:\/\/site.faepe.org.br\/?page_id=268\">&hellip; Leia Mais <i class=\"fa fa-arrow-right\"><\/i><\/a><\/p>\n","protected":false},"author":2,"featured_media":0,"parent":0,"menu_order":0,"comment_status":"closed","ping_status":"closed","template":"","meta":[],"_links":{"self":[{"href":"http:\/\/site.faepe.org.br\/index.php?rest_route=\/wp\/v2\/pages\/268"}],"collection":[{"href":"http:\/\/site.faepe.org.br\/index.php?rest_route=\/wp\/v2\/pages"}],"about":[{"href":"http:\/\/site.faepe.org.br\/index.php?rest_route=\/wp\/v2\/types\/page"}],"author":[{"embeddable":true,"href":"http:\/\/site.faepe.org.br\/index.php?rest_route=\/wp\/v2\/users\/2"}],"replies":[{"embeddable":true,"href":"http:\/\/site.faepe.org.br\/index.php?rest_route=%2Fwp%2Fv2%2Fcomments&post=268"}],"version-history":[{"count":35,"href":"http:\/\/site.faepe.org.br\/index.php?rest_route=\/wp\/v2\/pages\/268\/revisions"}],"predecessor-version":[{"id":1445,"href":"http:\/\/site.faepe.org.br\/index.php?rest_route=\/wp\/v2\/pages\/268\/revisions\/1445"}],"wp:attachment":[{"href":"http:\/\/site.faepe.org.br\/index.php?rest_route=%2Fwp%2Fv2%2Fmedia&parent=268"}],"curies":[{"name":"wp","href":"https:\/\/api.w.org\/{rel}","templated":true}]}}