{"id":25,"date":"2018-05-04T10:11:34","date_gmt":"2018-05-04T13:11:34","guid":{"rendered":"http:\/\/construcao.faepe.org.br\/?page_id=25"},"modified":"2018-05-04T10:11:34","modified_gmt":"2018-05-04T13:11:34","slug":"estrutura","status":"publish","type":"page","link":"http:\/\/site.faepe.org.br\/?page_id=25","title":{"rendered":"Estrutura"},"content":{"rendered":"<p>A sede da FAEPE situa-se no campus hist\u00f3rico da UFLA e sua infra-estrutura comp\u00f5e-se de um hotel (com 52 apartamentos), uma emissora de televis\u00e3o (a TVU com uma audi\u00eancia estimada em 50 mil telespectadores) e uma R\u00e1dio Universit\u00e1ria FM, que disponibiliza 24 horas di\u00e1rias de programa\u00e7\u00e3o ininterruptas para mais de 40 munic\u00edpios das regi\u00f5es Sul, Oeste de Minas e Campo das Vertentes.<\/p>\n","protected":false},"excerpt":{"rendered":"<p>A sede da FAEPE situa-se no campus hist\u00f3rico da UFLA e sua infra-estrutura comp\u00f5e-se de um hotel (com 52 apartamentos),&nbsp; <a href=\"http:\/\/site.faepe.org.br\/?page_id=25\">&hellip; Leia Mais <i class=\"fa fa-arrow-right\"><\/i><\/a><\/p>\n","protected":false},"author":2,"featured_media":0,"parent":0,"menu_order":0,"comment_status":"closed","ping_status":"closed","template":"","meta":[],"_links":{"self":[{"href":"http:\/\/site.faepe.org.br\/index.php?rest_route=\/wp\/v2\/pages\/25"}],"collection":[{"href":"http:\/\/site.faepe.org.br\/index.php?rest_route=\/wp\/v2\/pages"}],"about":[{"href":"http:\/\/site.faepe.org.br\/index.php?rest_route=\/wp\/v2\/types\/page"}],"author":[{"embeddable":true,"href":"http:\/\/site.faepe.org.br\/index.php?rest_route=\/wp\/v2\/users\/2"}],"replies":[{"embeddable":true,"href":"http:\/\/site.faepe.org.br\/index.php?rest_route=%2Fwp%2Fv2%2Fcomments&post=25"}],"version-history":[{"count":1,"href":"http:\/\/site.faepe.org.br\/index.php?rest_route=\/wp\/v2\/pages\/25\/revisions"}],"predecessor-version":[{"id":26,"href":"http:\/\/site.faepe.org.br\/index.php?rest_route=\/wp\/v2\/pages\/25\/revisions\/26"}],"wp:attachment":[{"href":"http:\/\/site.faepe.org.br\/index.php?rest_route=%2Fwp%2Fv2%2Fmedia&parent=25"}],"curies":[{"name":"wp","href":"https:\/\/api.w.org\/{rel}","templated":true}]}}