{"id":16,"date":"2018-05-04T10:10:11","date_gmt":"2018-05-04T13:10:11","guid":{"rendered":"http:\/\/construcao.faepe.org.br\/?page_id=16"},"modified":"2018-05-04T10:10:11","modified_gmt":"2018-05-04T13:10:11","slug":"decretos","status":"publish","type":"page","link":"http:\/\/site.faepe.org.br\/?page_id=16","title":{"rendered":"Decretos"},"content":{"rendered":"<p><a href=\"https:\/\/www.planalto.gov.br\/ccivil_03\/_Ato2004-2006\/2004\/Decreto\/D5205.htm\" target=\"_blank\" rel=\"noopener\">Decreto N\u00ba 5.205, de 14.10.04<\/a> &#8211; Regulamenta a Lei n \u00ba 8.958, de 20 de dezembro de 1994, que disp\u00f5e sobre a concess\u00e3o de bolsas e as rela\u00e7\u00f5es entre as institui\u00e7\u00f5es federais de ensino superior e de pesquisa cient\u00edfica e tecnol\u00f3gica e as funda\u00e7\u00f5es de apoio.<\/p>\n","protected":false},"excerpt":{"rendered":"<p>Decreto N\u00ba 5.205, de 14.10.04 &#8211; Regulamenta a Lei n \u00ba 8.958, de 20 de dezembro de 1994, que disp\u00f5e&nbsp; <a href=\"http:\/\/site.faepe.org.br\/?page_id=16\">&hellip; Leia Mais <i class=\"fa fa-arrow-right\"><\/i><\/a><\/p>\n","protected":false},"author":2,"featured_media":0,"parent":0,"menu_order":0,"comment_status":"closed","ping_status":"closed","template":"","meta":[],"_links":{"self":[{"href":"http:\/\/site.faepe.org.br\/index.php?rest_route=\/wp\/v2\/pages\/16"}],"collection":[{"href":"http:\/\/site.faepe.org.br\/index.php?rest_route=\/wp\/v2\/pages"}],"about":[{"href":"http:\/\/site.faepe.org.br\/index.php?rest_route=\/wp\/v2\/types\/page"}],"author":[{"embeddable":true,"href":"http:\/\/site.faepe.org.br\/index.php?rest_route=\/wp\/v2\/users\/2"}],"replies":[{"embeddable":true,"href":"http:\/\/site.faepe.org.br\/index.php?rest_route=%2Fwp%2Fv2%2Fcomments&post=16"}],"version-history":[{"count":1,"href":"http:\/\/site.faepe.org.br\/index.php?rest_route=\/wp\/v2\/pages\/16\/revisions"}],"predecessor-version":[{"id":17,"href":"http:\/\/site.faepe.org.br\/index.php?rest_route=\/wp\/v2\/pages\/16\/revisions\/17"}],"wp:attachment":[{"href":"http:\/\/site.faepe.org.br\/index.php?rest_route=%2Fwp%2Fv2%2Fmedia&parent=16"}],"curies":[{"name":"wp","href":"https:\/\/api.w.org\/{rel}","templated":true}]}}