{"id":14,"date":"2018-05-04T10:09:53","date_gmt":"2018-05-04T13:09:53","guid":{"rendered":"http:\/\/construcao.faepe.org.br\/?page_id=14"},"modified":"2022-05-05T07:07:42","modified_gmt":"2022-05-05T10:07:42","slug":"contato","status":"publish","type":"page","link":"http:\/\/site.faepe.org.br\/?page_id=14","title":{"rendered":"Contato"},"content":{"rendered":"\n<p>Clique em Fale Conosco, este \u00e9 um canal de comunica\u00e7\u00e3o para sanar d\u00favidas, enviar opini\u00f5es, reclama\u00e7\u00f5es e den\u00fancias.<\/p>\n\n\n\n<div class=\"wp-block-buttons is-layout-flex\">\n<div class=\"wp-block-button is-style-outline\"><a class=\"wp-block-button__link no-border-radius\" href=\"http:\/\/www.faepe.org.br\/?page_id=614\" target=\"_blank\" rel=\"noreferrer noopener\"><strong>Fale Conosco<\/strong><\/a><\/div>\n<\/div>\n\n\n\n<hr class=\"wp-block-separator\"\/>\n\n\n<p>Funda\u00e7\u00e3o de Apoio ao Ensino, Pesquisa e Extens\u00e3o &#8211; FAEPE<br \/>Cx. Postal 3142 &#8211; CEP 37200-973 &#8211; Lavras MG<br \/>Tel.: (35) 3829-1901<br \/>www.faepe.org.br<br \/>CNPJ: 19.084.599\/0001-17 &#8211; Insc. Estadual: Isento<\/p>\n<p><strong>HOR\u00c1RIO DE FUNCIONAMENTO<\/strong><\/p>\n<p><strong>Manh\u00e3:<\/strong>\u00a008:00hs \u00e0s 12:00hs<strong>Tarde:<\/strong>\u00a014:00hs \u00e0s 18:00hs<\/p>\n<p><strong>Dist\u00e2ncia das Capitais<\/strong><\/p>\n<p>230 km de Belo Horizonte, 370 km de S\u00e3o Paulo e 420 km do Rio de Janeiro, a FAEPE, situada no Campus Hist\u00f3rico da UFLA, na cidade de Lavras (Minas Gerais), fica no entroncamento dos tr\u00eas principais grandes centros do pa\u00eds, com acesso por rodovias asfaltadas e de boa qualidade.<\/p>","protected":false},"excerpt":{"rendered":"<p>Clique em Fale Conosco, este \u00e9 um canal de comunica\u00e7\u00e3o para sanar d\u00favidas, enviar opini\u00f5es, reclama\u00e7\u00f5es e den\u00fancias. Funda\u00e7\u00e3o de&nbsp; <a href=\"http:\/\/site.faepe.org.br\/?page_id=14\">&hellip; Leia Mais <i class=\"fa fa-arrow-right\"><\/i><\/a><\/p>\n","protected":false},"author":2,"featured_media":0,"parent":0,"menu_order":0,"comment_status":"closed","ping_status":"closed","template":"","meta":[],"_links":{"self":[{"href":"http:\/\/site.faepe.org.br\/index.php?rest_route=\/wp\/v2\/pages\/14"}],"collection":[{"href":"http:\/\/site.faepe.org.br\/index.php?rest_route=\/wp\/v2\/pages"}],"about":[{"href":"http:\/\/site.faepe.org.br\/index.php?rest_route=\/wp\/v2\/types\/page"}],"author":[{"embeddable":true,"href":"http:\/\/site.faepe.org.br\/index.php?rest_route=\/wp\/v2\/users\/2"}],"replies":[{"embeddable":true,"href":"http:\/\/site.faepe.org.br\/index.php?rest_route=%2Fwp%2Fv2%2Fcomments&post=14"}],"version-history":[{"count":6,"href":"http:\/\/site.faepe.org.br\/index.php?rest_route=\/wp\/v2\/pages\/14\/revisions"}],"predecessor-version":[{"id":828,"href":"http:\/\/site.faepe.org.br\/index.php?rest_route=\/wp\/v2\/pages\/14\/revisions\/828"}],"wp:attachment":[{"href":"http:\/\/site.faepe.org.br\/index.php?rest_route=%2Fwp%2Fv2%2Fmedia&parent=14"}],"curies":[{"name":"wp","href":"https:\/\/api.w.org\/{rel}","templated":true}]}}