{"id":10,"date":"2018-05-04T10:07:45","date_gmt":"2018-05-04T13:07:45","guid":{"rendered":"http:\/\/construcao.faepe.org.br\/?page_id=10"},"modified":"2025-02-12T09:54:14","modified_gmt":"2025-02-12T12:54:14","slug":"certidoes","status":"publish","type":"page","link":"http:\/\/site.faepe.org.br\/?page_id=10","title":{"rendered":"Certid\u00f5es"},"content":{"rendered":"<p>\u00a0<\/p>\n<table class=\"table\">\n<thead class=\"thead\"><\/thead>\n<tbody>\n<tr>\n<td>Atestado de Funcionamento 2023<\/td>\n<td class=\"icon-dowm\"><a href=\"http:\/\/www.faepe.org.br\/wp-content\/uploads\/2023\/01\/Atestado-de-Funcionamento-FAEPE-2023-Ministerio-Publico.pdf\" target=\"_blank\" rel=\"noopener noreferrer\"><i class=\"material-icons\">archive<\/i><\/a><\/td>\n<\/tr>\n<tr>\n<td>Alvar\u00e1 de Estabelecimento &#8211; v\u00e1lido at\u00e9 31\/12\/2025<\/td>\n<td class=\"icon-dowm\"><a href=\"http:\/\/www.faepe.org.br\/wp-content\/uploads\/2022\/02\/Faepe.-Alvara-Estabelecimento.pdf\" target=\"_blank\" rel=\"noopener noreferrer\"><i class=\"material-icons\">archive<\/i><\/a><\/td>\n<\/tr>\n<tr>\n<td>Alvar\u00e1 Sanit\u00e1rio &#8211; v\u00e1lido at\u00e9 29\/04\/2025<\/td>\n<td class=\"icon-dowm\"><a href=\"http:\/\/www.faepe.org.br\/wp-content\/uploads\/2022\/02\/Alvara-Sanitario-FAEPE-2022.pdf\" target=\"_blank\" rel=\"noopener noreferrer\"><i class=\"material-icons\">archive<\/i><\/a><\/td>\n<\/tr>\n<tr>\n<td>CND Federal Faepe &#8211; v\u00e1lido at\u00e9 25\/03\/2025<\/td>\n<td class=\"icon-dowm\"><a href=\"http:\/\/www.faepe.org.br\/wp-content\/uploads\/2025\/02\/CND-Federal-Faepe_11_02_2025.pdf\" target=\"_blank\" rel=\"noopener noreferrer\"><i class=\"material-icons\">archive<\/i><\/a><\/td>\n<\/tr>\n<tr>\n<td>CND Estadual Faepe &#8211; v\u00e1lido at\u00e9 06\/05\/2025<\/td>\n<td class=\"icon-dowm\"><i class=\"material-icons\"><a href=\"http:\/\/www.faepe.org.br\/wp-content\/uploads\/2025\/02\/SIARE-Secretaria-de-Estado-de-Fazenda-MG.pdf\">archive<\/a><\/i><\/td>\n<\/tr>\n<tr>\n<td>CND Municipal Faepe &#8211; v\u00e1lido at\u00e9 13\/05\/2025<\/td>\n<td class=\"icon-dowm\"><i class=\"material-icons\"><a href=\"http:\/\/www.faepe.org.br\/wp-content\/uploads\/2025\/02\/CND-Municipal-1.pdf\">archive<\/a><\/i><\/td>\n<\/tr>\n<tr>\n<td>CNDT &#8211; v\u00e1lido at\u00e9 17\/02\/2025<\/td>\n<td class=\"icon-dowm\"><i class=\"material-icons\"><a href=\"http:\/\/www.faepe.org.br\/wp-content\/uploads\/2023\/09\/CND-Trabalhista.pdf\">archive<\/a><\/i><\/td>\n<\/tr>\n<tr>\n<td>Certid\u00e3o de Fal\u00eancia<\/td>\n<td class=\"icon-dowm\"><i class=\"material-icons\"><\/i><i class=\"material-icons\"><a href=\"http:\/\/www.faepe.org.br\/wp-content\/uploads\/2023\/09\/CERTIDAO_FALENCIA_CONCORDATA.pdf\">archive<\/a><\/i><\/td>\n<\/tr>\n<tr>\n<td>CNPJ<\/td>\n<td class=\"icon-dowm\"><a href=\"http:\/\/www.faepe.org.br\/wp-content\/uploads\/2020\/07\/Cadastro-cnpj.pdf\" target=\"_blank\" rel=\"noopener noreferrer\"><i class=\"material-icons\">archive<\/i><\/a><\/td>\n<\/tr>\n<tr>\n<td>FGTS \u2013 v\u00e1lido at\u00e9 23\/02\/2025<\/td>\n<td class=\"icon-dowm\"><i class=\"material-icons\"><a href=\"http:\/\/www.faepe.org.br\/wp-content\/uploads\/2025\/02\/fgts-23-02-25.pdf\">archive<\/a><\/i><\/td>\n<\/tr>\n<\/tbody>\n<\/table>\n\n\n<p><\/p>\n","protected":false},"excerpt":{"rendered":"<p>\u00a0 Atestado de Funcionamento 2023 archive Alvar\u00e1 de Estabelecimento &#8211; v\u00e1lido at\u00e9 31\/12\/2025 archive Alvar\u00e1 Sanit\u00e1rio &#8211; v\u00e1lido at\u00e9 29\/04\/2025&nbsp; <a href=\"http:\/\/site.faepe.org.br\/?page_id=10\">&hellip; Leia Mais <i class=\"fa fa-arrow-right\"><\/i><\/a><\/p>\n","protected":false},"author":2,"featured_media":0,"parent":0,"menu_order":0,"comment_status":"closed","ping_status":"closed","template":"","meta":[],"_links":{"self":[{"href":"http:\/\/site.faepe.org.br\/index.php?rest_route=\/wp\/v2\/pages\/10"}],"collection":[{"href":"http:\/\/site.faepe.org.br\/index.php?rest_route=\/wp\/v2\/pages"}],"about":[{"href":"http:\/\/site.faepe.org.br\/index.php?rest_route=\/wp\/v2\/types\/page"}],"author":[{"embeddable":true,"href":"http:\/\/site.faepe.org.br\/index.php?rest_route=\/wp\/v2\/users\/2"}],"replies":[{"embeddable":true,"href":"http:\/\/site.faepe.org.br\/index.php?rest_route=%2Fwp%2Fv2%2Fcomments&post=10"}],"version-history":[{"count":144,"href":"http:\/\/site.faepe.org.br\/index.php?rest_route=\/wp\/v2\/pages\/10\/revisions"}],"predecessor-version":[{"id":1480,"href":"http:\/\/site.faepe.org.br\/index.php?rest_route=\/wp\/v2\/pages\/10\/revisions\/1480"}],"wp:attachment":[{"href":"http:\/\/site.faepe.org.br\/index.php?rest_route=%2Fwp%2Fv2%2Fmedia&parent=10"}],"curies":[{"name":"wp","href":"https:\/\/api.w.org\/{rel}","templated":true}]}}